{"id":240,"date":"2018-10-10T06:42:39","date_gmt":"2018-10-10T06:42:39","guid":{"rendered":"https:\/\/demo.blossomthemes.com\/blossom-spa-pro\/?page_id=240"},"modified":"2024-06-06T17:55:33","modified_gmt":"2024-06-06T10:55:33","slug":"location","status":"publish","type":"page","link":"https:\/\/waxinghouse.vn\/en\/location\/","title":{"rendered":"Location"},"content":{"rendered":"<div id=\"ez-toc-container\" class=\"ez-toc-v2_0_82_2 counter-hierarchy ez-toc-counter ez-toc-grey ez-toc-container-direction\">\n<div class=\"ez-toc-title-container\">\n<p class=\"ez-toc-title ez-toc-toggle\" style=\"cursor:pointer\">Contents<\/p>\n<span class=\"ez-toc-title-toggle\"><a href=\"#\" class=\"ez-toc-pull-right ez-toc-btn ez-toc-btn-xs ez-toc-btn-default ez-toc-toggle\" aria-label=\"Toggle Table of Content\"><span class=\"ez-toc-js-icon-con\"><span class=\"\"><span class=\"eztoc-hide\" style=\"display:none;\">Toggle<\/span><span class=\"ez-toc-icon-toggle-span\"><svg style=\"fill: #999;color:#999\" xmlns=\"http:\/\/www.w3.org\/2000\/svg\" class=\"list-377408\" width=\"20px\" height=\"20px\" viewBox=\"0 0 24 24\" fill=\"none\"><path d=\"M6 6H4v2h2V6zm14 0H8v2h12V6zM4 11h2v2H4v-2zm16 0H8v2h12v-2zM4 16h2v2H4v-2zm16 0H8v2h12v-2z\" fill=\"currentColor\"><\/path><\/svg><svg style=\"fill: #999;color:#999\" class=\"arrow-unsorted-368013\" xmlns=\"http:\/\/www.w3.org\/2000\/svg\" width=\"10px\" height=\"10px\" viewBox=\"0 0 24 24\" version=\"1.2\" baseProfile=\"tiny\"><path d=\"M18.2 9.3l-6.2-6.3-6.2 6.3c-.2.2-.3.4-.3.7s.1.5.3.7c.2.2.4.3.7.3h11c.3 0 .5-.1.7-.3.2-.2.3-.5.3-.7s-.1-.5-.3-.7zM5.8 14.7l6.2 6.3 6.2-6.3c.2-.2.3-.5.3-.7s-.1-.5-.3-.7c-.2-.2-.4-.3-.7-.3h-11c-.3 0-.5.1-.7.3-.2.2-.3.5-.3.7s.1.5.3.7z\"\/><\/svg><\/span><\/span><\/span><\/a><\/span><\/div>\n<nav><ul class='ez-toc-list ez-toc-list-level-1 ' ><li class='ez-toc-page-1 ez-toc-heading-level-3'><a class=\"ez-toc-link ez-toc-heading-1\" href=\"https:\/\/waxinghouse.vn\/en\/location\/#Waxing_House_Hanoi\" >Waxing House Hanoi<\/a><ul class='ez-toc-list-level-5' ><li class='ez-toc-heading-level-5'><ul class='ez-toc-list-level-5' ><li class='ez-toc-heading-level-5'><a class=\"ez-toc-link ez-toc-heading-2\" href=\"https:\/\/waxinghouse.vn\/en\/location\/#Address\" >Address:<\/a><\/li><\/ul><\/li><\/ul><\/li><li class='ez-toc-page-1 ez-toc-heading-level-3'><a class=\"ez-toc-link ez-toc-heading-3\" href=\"https:\/\/waxinghouse.vn\/en\/location\/#Waxing_House_HCM_District_1\" >Waxing House HCM District 1<\/a><ul class='ez-toc-list-level-5' ><li class='ez-toc-heading-level-5'><ul class='ez-toc-list-level-5' ><li class='ez-toc-heading-level-5'><a class=\"ez-toc-link ez-toc-heading-4\" href=\"https:\/\/waxinghouse.vn\/en\/location\/#Address-2\" >Address:<\/a><\/li><\/ul><\/li><\/ul><\/li><\/ul><\/nav><\/div>\n\n<p>Please find a Waxing House&#8217;s location near you:<\/p>\n\n\n<div class=\"rank-math-business-wrapper\"><h3 class=\"rank-math-business-name\"><span class=\"ez-toc-section\" id=\"Waxing_House_Hanoi\"><\/span>Waxing House Hanoi<span class=\"ez-toc-section-end\"><\/span><\/h3><h5><span class=\"ez-toc-section\" id=\"Address\"><\/span>Address:<span class=\"ez-toc-section-end\"><\/span><\/h5><address>4 ng\u00f5 202F \u0110\u1ed9i C\u1ea5n, ph\u01b0\u1eddng Ng\u1ecdc H\u00e0, Ba \u0110\u00ecnh, H\u00e0 N\u1ed9i, 100000, Vi\u1ec7t Nam, 21.0345667, 105.8158694 \n1 h\u1ebbm 87 Tr\u1ea7n \u0110\u00ecnh Xu, Qu\u1eadn 1, H\u1ed3 Ch\u00ed Minh, 700000, Vi\u1ec7t Nam, 10.7633383, 106.6901625<\/address><div><strong>Phone<\/strong>: <a href=\"tel:0968 198 198\">0968 198 198<\/a><\/div><div><strong>Email<\/strong>: <a href=\"mailto:waxinghousevn@gmail.com\">waxinghousevn@gmail.com<\/a><\/div><\/div>\n\n<div class=\"rank-math-business-wrapper\"><h3 class=\"rank-math-business-name\"><span class=\"ez-toc-section\" id=\"Waxing_House_HCM_District_1\"><\/span>Waxing House HCM District 1<span class=\"ez-toc-section-end\"><\/span><\/h3><h5><span class=\"ez-toc-section\" id=\"Address-2\"><\/span>Address:<span class=\"ez-toc-section-end\"><\/span><\/h5><address>4 ng\u00f5 202F \u0110\u1ed9i C\u1ea5n, ph\u01b0\u1eddng Ng\u1ecdc H\u00e0, Ba \u0110\u00ecnh, H\u00e0 N\u1ed9i, 100000, Vi\u1ec7t Nam, 21.0345667, 105.8158694 \n1 h\u1ebbm 87 Tr\u1ea7n \u0110\u00ecnh Xu, Qu\u1eadn 1, H\u1ed3 Ch\u00ed Minh, 700000, Vi\u1ec7t Nam, 10.7633383, 106.6901625<\/address><div><strong>Phone<\/strong>: <a href=\"tel:0968198198\">0968198198<\/a><\/div><div><strong>Email<\/strong>: <a href=\"mailto:waxinghousevn@gmail.com\">waxinghousevn@gmail.com<\/a><\/div><\/div>\n\n\n<div style=\"height:30px\" aria-hidden=\"true\" class=\"wp-block-spacer\"><\/div>\n\n\n\n<p>Contact us for quick consultation or booking:<\/p>\n\n\n\n<div class=\"wp-block-buttons is-layout-flex wp-block-buttons-is-layout-flex\">\n<div class=\"wp-block-button has-custom-font-size has-small-font-size\"><a class=\"wp-block-button__link has-background wp-element-button\" href=\"https:\/\/zalo.me\/0968198198\" style=\"background-color:#118fcf\" target=\"_blank\" rel=\"noreferrer noopener\">Zalo<\/a><\/div>\n\n\n\n<div class=\"wp-block-button has-custom-font-size has-small-font-size\"><a class=\"wp-block-button__link has-primary-background-color has-background wp-element-button\" href=\"tel:+84968198198\">Call us<\/a><\/div>\n\n\n\n<div class=\"wp-block-button has-custom-font-size has-small-font-size\"><a class=\"wp-block-button__link has-midnight-gradient-background has-background wp-element-button\" href=\"https:\/\/m.me\/waxinghousevietnam\" target=\"_blank\" rel=\"noreferrer noopener\">Facebook<\/a><\/div>\n\n\n\n<div class=\"wp-block-button has-custom-font-size has-small-font-size\"><a class=\"wp-block-button__link has-background wp-element-button\" href=\"https:\/\/wa.me\/message\/2PQGD46QRQLZB1\" style=\"background-color:#00b875\" target=\"_blank\" rel=\"noreferrer noopener\">Whatsapp<\/a><\/div>\n<\/div>\n\n\n\n<p>Send us an email: <a href=\"mailto:waxinghousevn@gmail.com\">waxinghousevn@gmail.com<\/a><\/p>\n","protected":false},"excerpt":{"rendered":"<p>Waxing House&#8217;s locations in Hanoi and Ho Chi Minh. Hotline: 0968 198 198. Contact us on Zalo or Whatsapp for quick booking.<\/p>\n","protected":false},"author":99900,"featured_media":11515,"parent":0,"menu_order":0,"comment_status":"closed","ping_status":"closed","template":"","meta":{"footnotes":""},"class_list":["post-240","page","type-page","status-publish","has-post-thumbnail","hentry"],"_links":{"self":[{"href":"https:\/\/waxinghouse.vn\/en\/wp-json\/wp\/v2\/pages\/240","targetHints":{"allow":["GET"]}}],"collection":[{"href":"https:\/\/waxinghouse.vn\/en\/wp-json\/wp\/v2\/pages"}],"about":[{"href":"https:\/\/waxinghouse.vn\/en\/wp-json\/wp\/v2\/types\/page"}],"author":[{"embeddable":true,"href":"https:\/\/waxinghouse.vn\/en\/wp-json\/wp\/v2\/users\/99900"}],"replies":[{"embeddable":true,"href":"https:\/\/waxinghouse.vn\/en\/wp-json\/wp\/v2\/comments?post=240"}],"version-history":[{"count":0,"href":"https:\/\/waxinghouse.vn\/en\/wp-json\/wp\/v2\/pages\/240\/revisions"}],"wp:featuredmedia":[{"embeddable":true,"href":"https:\/\/waxinghouse.vn\/en\/wp-json\/wp\/v2\/media\/11515"}],"wp:attachment":[{"href":"https:\/\/waxinghouse.vn\/en\/wp-json\/wp\/v2\/media?parent=240"}],"curies":[{"name":"wp","href":"https:\/\/api.w.org\/{rel}","templated":true}]}}