{"id":3880,"date":"2020-07-22T19:01:26","date_gmt":"2020-07-22T12:01:26","guid":{"rendered":"http:\/\/waxinghouse.vn\/?page_id=3880"},"modified":"2024-06-06T17:58:23","modified_gmt":"2024-06-06T10:58:23","slug":"contact","status":"publish","type":"page","link":"https:\/\/waxinghouse.vn\/en\/contact\/","title":{"rendered":"Contact"},"content":{"rendered":"<div id=\"ez-toc-container\" class=\"ez-toc-v2_0_82_2 counter-hierarchy ez-toc-counter ez-toc-grey ez-toc-container-direction\">\n<div class=\"ez-toc-title-container\">\n<p class=\"ez-toc-title ez-toc-toggle\" style=\"cursor:pointer\">Contents<\/p>\n<span class=\"ez-toc-title-toggle\"><a href=\"#\" class=\"ez-toc-pull-right ez-toc-btn ez-toc-btn-xs ez-toc-btn-default ez-toc-toggle\" aria-label=\"Toggle Table of Content\"><span class=\"ez-toc-js-icon-con\"><span class=\"\"><span class=\"eztoc-hide\" style=\"display:none;\">Toggle<\/span><span class=\"ez-toc-icon-toggle-span\"><svg style=\"fill: #999;color:#999\" xmlns=\"http:\/\/www.w3.org\/2000\/svg\" class=\"list-377408\" width=\"20px\" height=\"20px\" viewBox=\"0 0 24 24\" fill=\"none\"><path d=\"M6 6H4v2h2V6zm14 0H8v2h12V6zM4 11h2v2H4v-2zm16 0H8v2h12v-2zM4 16h2v2H4v-2zm16 0H8v2h12v-2z\" fill=\"currentColor\"><\/path><\/svg><svg style=\"fill: #999;color:#999\" class=\"arrow-unsorted-368013\" xmlns=\"http:\/\/www.w3.org\/2000\/svg\" width=\"10px\" height=\"10px\" viewBox=\"0 0 24 24\" version=\"1.2\" baseProfile=\"tiny\"><path d=\"M18.2 9.3l-6.2-6.3-6.2 6.3c-.2.2-.3.4-.3.7s.1.5.3.7c.2.2.4.3.7.3h11c.3 0 .5-.1.7-.3.2-.2.3-.5.3-.7s-.1-.5-.3-.7zM5.8 14.7l6.2 6.3 6.2-6.3c.2-.2.3-.5.3-.7s-.1-.5-.3-.7c-.2-.2-.4-.3-.7-.3h-11c-.3 0-.5.1-.7.3-.2.2-.3.5-.3.7s.1.5.3.7z\"\/><\/svg><\/span><\/span><\/span><\/a><\/span><\/div>\n<nav><ul class='ez-toc-list ez-toc-list-level-1 ' ><li class='ez-toc-page-1 ez-toc-heading-level-3'><a class=\"ez-toc-link ez-toc-heading-1\" href=\"https:\/\/waxinghouse.vn\/en\/contact\/#Waxing_House_Hanoi\" >Waxing House Hanoi<\/a><ul class='ez-toc-list-level-5' ><li class='ez-toc-heading-level-5'><ul class='ez-toc-list-level-5' ><li class='ez-toc-heading-level-5'><a class=\"ez-toc-link ez-toc-heading-2\" href=\"https:\/\/waxinghouse.vn\/en\/contact\/#Address\" >Address:<\/a><\/li><\/ul><\/li><\/ul><\/li><li class='ez-toc-page-1 ez-toc-heading-level-3'><a class=\"ez-toc-link ez-toc-heading-3\" href=\"https:\/\/waxinghouse.vn\/en\/contact\/#Waxing_House_HCM_District_1\" >Waxing House HCM District 1<\/a><ul class='ez-toc-list-level-5' ><li class='ez-toc-heading-level-5'><ul class='ez-toc-list-level-5' ><li class='ez-toc-heading-level-5'><a class=\"ez-toc-link ez-toc-heading-4\" href=\"https:\/\/waxinghouse.vn\/en\/contact\/#Address-2\" >Address:<\/a><\/li><\/ul><\/li><\/ul><\/li><\/ul><\/nav><\/div>\n\n<figure class=\"wp-block-image size-full is-resized is-style-rounded\"><img loading=\"lazy\" decoding=\"async\" width=\"1200\" height=\"630\" src=\"https:\/\/waxinghouse.vn\/wp-content\/uploads\/2024\/01\/contact-waxing-house.webp\" alt=\"Contact Waxing House\" class=\"wp-image-12360\" style=\"width:600px\" srcset=\"https:\/\/waxinghouse.vn\/wp-content\/uploads\/2024\/01\/contact-waxing-house.webp 1200w, https:\/\/waxinghouse.vn\/wp-content\/uploads\/2024\/01\/contact-waxing-house-800x420.webp 800w, https:\/\/waxinghouse.vn\/wp-content\/uploads\/2024\/01\/contact-waxing-house-280x147.webp 280w, https:\/\/waxinghouse.vn\/wp-content\/uploads\/2024\/01\/contact-waxing-house-768x403.webp 768w\" sizes=\"auto, (max-width: 1200px) 100vw, 1200px\" \/><\/figure>\n\n\n\n<p>Contact Waxing House for quick consultation and reservations:<\/p>\n\n\n\n<div class=\"wp-block-buttons is-layout-flex wp-block-buttons-is-layout-flex\">\n<div class=\"wp-block-button has-custom-font-size has-small-font-size\"><a class=\"wp-block-button__link has-background wp-element-button\" href=\"https:\/\/zalo.me\/0968198198\" style=\"background-color:#118fcf\" target=\"_blank\" rel=\"noreferrer noopener\">Zalo<\/a><\/div>\n\n\n\n<div class=\"wp-block-button has-custom-font-size has-small-font-size\"><a class=\"wp-block-button__link has-primary-background-color has-background wp-element-button\" href=\"tel:+84968198198\">Call us<\/a><\/div>\n\n\n\n<div class=\"wp-block-button has-custom-font-size has-small-font-size\"><a class=\"wp-block-button__link has-midnight-gradient-background has-background wp-element-button\" href=\"https:\/\/m.me\/waxinghousevietnam\" target=\"_blank\" rel=\"noreferrer noopener\">Facebook<\/a><\/div>\n\n\n\n<div class=\"wp-block-button has-custom-font-size has-small-font-size\"><a class=\"wp-block-button__link has-background wp-element-button\" href=\"https:\/\/wa.me\/message\/2PQGD46QRQLZB1\" style=\"background-color:#00b875\" target=\"_blank\" rel=\"noreferrer noopener\">Whatsapp<\/a><\/div>\n<\/div>\n\n\n\n<p>Send us an email: <a href=\"mailto:waxinghousevn@gmail.com\">waxinghousevn@gmail.com<\/a><\/p>\n\n\n\n<p>Or, leave us a message, we\u2019ll contact you shortly via email:<\/p>\n\n\n<div class=\"wpforms-container wpforms-container-full wpforms-block wpforms-block-90fab7b8-5fdb-40bd-bf80-0ea270b2e7bb wpforms-render-modern\" id=\"wpforms-11468\"><form id=\"wpforms-form-11468\" class=\"wpforms-validate wpforms-form wpforms-ajax-form\" data-formid=\"11468\" method=\"post\" enctype=\"multipart\/form-data\" action=\"\/en\/wp-json\/wp\/v2\/pages\/3880\" data-token=\"d37555f5c19f52dd8e9d766476497003\" data-token-time=\"1776395708\"><noscript class=\"wpforms-error-noscript\">Please enable JavaScript in your browser to complete this form.<\/noscript><div id=\"wpforms-error-noscript\" style=\"display: none;\">Please enable JavaScript in your browser to complete this form.<\/div><div class=\"wpforms-field-container\"><div id=\"wpforms-11468-field_0-container\" class=\"wpforms-field wpforms-field-name\" data-field-id=\"0\"><fieldset><legend class=\"wpforms-field-label\">Name <span class=\"wpforms-required-label\" aria-hidden=\"true\">*<\/span><\/legend><div class=\"wpforms-field-row wpforms-field-medium\"><div class=\"wpforms-field-row-block wpforms-first wpforms-one-half\"><input type=\"text\" id=\"wpforms-11468-field_0\" class=\"wpforms-field-name-first wpforms-field-required\" name=\"wpforms[fields][0][first]\" aria-errormessage=\"wpforms-11468-field_0-error\" required><label for=\"wpforms-11468-field_0\" class=\"wpforms-field-sublabel after\">First<\/label><\/div><div class=\"wpforms-field-row-block wpforms-one-half\"><input type=\"text\" id=\"wpforms-11468-field_0-last\" class=\"wpforms-field-name-last wpforms-field-required\" name=\"wpforms[fields][0][last]\" aria-errormessage=\"wpforms-11468-field_0-last-error\" required><label for=\"wpforms-11468-field_0-last\" class=\"wpforms-field-sublabel after\">Last<\/label><\/div><\/div><\/fieldset><\/div><div id=\"wpforms-11468-field_1-container\" class=\"wpforms-field wpforms-field-email\" data-field-id=\"1\"><label class=\"wpforms-field-label\" for=\"wpforms-11468-field_1\">Email <span class=\"wpforms-required-label\" aria-hidden=\"true\">*<\/span><\/label><input type=\"email\" id=\"wpforms-11468-field_1\" class=\"wpforms-field-medium wpforms-field-required\" name=\"wpforms[fields][1]\" spellcheck=\"false\" aria-errormessage=\"wpforms-11468-field_1-error\" required><\/div><div id=\"wpforms-11468-field_2-container\" class=\"wpforms-field wpforms-field-textarea\" data-field-id=\"2\"><label class=\"wpforms-field-label\" for=\"wpforms-11468-field_2\">Comment or Message<\/label><textarea id=\"wpforms-11468-field_2\" class=\"wpforms-field-medium\" name=\"wpforms[fields][2]\" aria-errormessage=\"wpforms-11468-field_2-error\" ><\/textarea><\/div><\/div><!-- .wpforms-field-container --><div class=\"wpforms-submit-container\" ><input type=\"hidden\" name=\"wpforms[id]\" value=\"11468\"><input type=\"hidden\" name=\"page_title\" value=\"\"><input type=\"hidden\" name=\"page_url\" value=\"https:\/\/waxinghouse.vn\/en\/wp-json\/wp\/v2\/pages\/3880\"><input type=\"hidden\" name=\"url_referer\" value=\"\"><button type=\"submit\" name=\"wpforms[submit]\" id=\"wpforms-submit-11468\" class=\"wpforms-submit\" data-alt-text=\"Sending...\" data-submit-text=\"Submit\" aria-live=\"assertive\" value=\"wpforms-submit\">Submit<\/button><img loading=\"lazy\" decoding=\"async\" src=\"https:\/\/waxinghouse.vn\/wp-content\/plugins\/wpforms-lite\/assets\/images\/submit-spin.svg\" class=\"wpforms-submit-spinner\" style=\"display: none;\" width=\"26\" height=\"26\" alt=\"Loading\"><\/div><\/form><\/div>  <!-- .wpforms-container -->\n\n\n<p>Waxing House has 2 <a href=\"http:\/\/waxinghouse.vn\/locations\/\" data-type=\"link\" data-id=\"http:\/\/waxinghouse.vn\/locations\/\">locations<\/a> in Hanoi and Ho Chi Minh city. Don\u2019t forget to tell which Waxing House\u2019s location you want to come when making an appointment.<\/p>\n\n\n<div class=\"rank-math-business-wrapper\"><h3 class=\"rank-math-business-name\"><span class=\"ez-toc-section\" id=\"Waxing_House_Hanoi\"><\/span>Waxing House Hanoi<span class=\"ez-toc-section-end\"><\/span><\/h3><h5><span class=\"ez-toc-section\" id=\"Address\"><\/span>Address:<span class=\"ez-toc-section-end\"><\/span><\/h5><address>4 ng\u00f5 202F \u0110\u1ed9i C\u1ea5n, ph\u01b0\u1eddng Ng\u1ecdc H\u00e0, Ba \u0110\u00ecnh, H\u00e0 N\u1ed9i, 100000, Vi\u1ec7t Nam, 21.0345667, 105.8158694 \n1 h\u1ebbm 87 Tr\u1ea7n \u0110\u00ecnh Xu, Qu\u1eadn 1, H\u1ed3 Ch\u00ed Minh, 700000, Vi\u1ec7t Nam, 10.7633383, 106.6901625<\/address><div><strong>Phone<\/strong>: <a href=\"tel:0968 198 198\">0968 198 198<\/a><\/div><div><strong>Email<\/strong>: <a href=\"mailto:waxinghousevn@gmail.com\">waxinghousevn@gmail.com<\/a><\/div><\/div>\n\n\n<div style=\"height:28px\" aria-hidden=\"true\" class=\"wp-block-spacer\"><\/div>\n\n\n<div class=\"rank-math-business-wrapper\"><h3 class=\"rank-math-business-name\"><span class=\"ez-toc-section\" id=\"Waxing_House_HCM_District_1\"><\/span>Waxing House HCM District 1<span class=\"ez-toc-section-end\"><\/span><\/h3><h5><span class=\"ez-toc-section\" id=\"Address-2\"><\/span>Address:<span class=\"ez-toc-section-end\"><\/span><\/h5><address>4 ng\u00f5 202F \u0110\u1ed9i C\u1ea5n, ph\u01b0\u1eddng Ng\u1ecdc H\u00e0, Ba \u0110\u00ecnh, H\u00e0 N\u1ed9i, 100000, Vi\u1ec7t Nam, 21.0345667, 105.8158694 \n1 h\u1ebbm 87 Tr\u1ea7n \u0110\u00ecnh Xu, Qu\u1eadn 1, H\u1ed3 Ch\u00ed Minh, 700000, Vi\u1ec7t Nam, 10.7633383, 106.6901625<\/address><div><strong>Phone<\/strong>: <a href=\"tel:0968198198\">0968198198<\/a><\/div><div><strong>Email<\/strong>: <a href=\"mailto:waxinghousevn@gmail.com\">waxinghousevn@gmail.com<\/a><\/div><\/div>\n\n\n<div style=\"height:28px\" aria-hidden=\"true\" class=\"wp-block-spacer\"><\/div>\n\n\n\n<p><\/p>\n","protected":false},"excerpt":{"rendered":"<p>Waxing House has 1 location in Hanoi and 2 locations in Ho Chi Minh city. Directly contact us via Hotline 0968.198.198 (or contact us on Zalo)<\/p>\n","protected":false},"author":99900,"featured_media":0,"parent":0,"menu_order":0,"comment_status":"closed","ping_status":"closed","template":"","meta":{"footnotes":""},"class_list":["post-3880","page","type-page","status-publish","hentry"],"_links":{"self":[{"href":"https:\/\/waxinghouse.vn\/en\/wp-json\/wp\/v2\/pages\/3880","targetHints":{"allow":["GET"]}}],"collection":[{"href":"https:\/\/waxinghouse.vn\/en\/wp-json\/wp\/v2\/pages"}],"about":[{"href":"https:\/\/waxinghouse.vn\/en\/wp-json\/wp\/v2\/types\/page"}],"author":[{"embeddable":true,"href":"https:\/\/waxinghouse.vn\/en\/wp-json\/wp\/v2\/users\/99900"}],"replies":[{"embeddable":true,"href":"https:\/\/waxinghouse.vn\/en\/wp-json\/wp\/v2\/comments?post=3880"}],"version-history":[{"count":0,"href":"https:\/\/waxinghouse.vn\/en\/wp-json\/wp\/v2\/pages\/3880\/revisions"}],"wp:attachment":[{"href":"https:\/\/waxinghouse.vn\/en\/wp-json\/wp\/v2\/media?parent=3880"}],"curies":[{"name":"wp","href":"https:\/\/api.w.org\/{rel}","templated":true}]}}